{"id":1364,"date":"2026-04-23T20:01:44","date_gmt":"2026-04-23T20:01:44","guid":{"rendered":"https:\/\/heavensgemstones.com\/?post_type=product&#038;p=1364"},"modified":"2026-04-23T20:11:09","modified_gmt":"2026-04-23T20:11:09","slug":"anillo-con-multiples-gemas-de-zafiro-natural-en-plata-de-ley-925-banada-en-oro-talla-9","status":"publish","type":"product","link":"https:\/\/heavensgemstones.com\/es\/producto\/anillo-con-multiples-gemas-de-zafiro-natural-en-plata-de-ley-925-banada-en-oro-talla-9\/","title":{"rendered":"Anillo con M\u00faltiples Gemas de Zafiro Natural en Plata de ley 925 ba\u00f1ada en Oro, talla 9"},"content":{"rendered":"<p>Anillo con M\u00faltiples Gemas de Zafiro Natural en Plata de ley 925 ba\u00f1ada en Oro, talla 9<\/p>\n","protected":false},"excerpt":{"rendered":"<p>Anillo con M\u00faltiples Gemas de Zafiro Natural en Plata de ley 925 ba\u00f1ada en Oro, talla 9<\/p>\n","protected":false},"featured_media":1856,"comment_status":"closed","ping_status":"closed","template":"","meta":[],"product_brand":[],"product_cat":[66,221,82],"product_tag":[71],"class_list":{"0":"post-1364","1":"product","2":"type-product","3":"status-publish","4":"has-post-thumbnail","6":"product_cat-gemas-redimidas","7":"product_cat-joyas-de-zafiro","8":"product_cat-joyeria","9":"product_tag-gemas-redimidas","10":"has-post-title","11":"has-post-date","12":"has-post-category","13":"has-post-tag","14":"has-post-comment","15":"has-post-author","16":"","18":"first","19":"instock","20":"taxable","21":"shipping-taxable","22":"purchasable","23":"product-type-simple"},"builder_content":"","_links":{"self":[{"href":"https:\/\/heavensgemstones.com\/es\/wp-json\/wp\/v2\/product\/1364","targetHints":{"allow":["GET"]}}],"collection":[{"href":"https:\/\/heavensgemstones.com\/es\/wp-json\/wp\/v2\/product"}],"about":[{"href":"https:\/\/heavensgemstones.com\/es\/wp-json\/wp\/v2\/types\/product"}],"replies":[{"embeddable":true,"href":"https:\/\/heavensgemstones.com\/es\/wp-json\/wp\/v2\/comments?post=1364"}],"wp:featuredmedia":[{"embeddable":true,"href":"https:\/\/heavensgemstones.com\/es\/wp-json\/wp\/v2\/media\/1856"}],"wp:attachment":[{"href":"https:\/\/heavensgemstones.com\/es\/wp-json\/wp\/v2\/media?parent=1364"}],"wp:term":[{"taxonomy":"product_brand","embeddable":true,"href":"https:\/\/heavensgemstones.com\/es\/wp-json\/wp\/v2\/product_brand?post=1364"},{"taxonomy":"product_cat","embeddable":true,"href":"https:\/\/heavensgemstones.com\/es\/wp-json\/wp\/v2\/product_cat?post=1364"},{"taxonomy":"product_tag","embeddable":true,"href":"https:\/\/heavensgemstones.com\/es\/wp-json\/wp\/v2\/product_tag?post=1364"}],"curies":[{"name":"wp","href":"https:\/\/api.w.org\/{rel}","templated":true}]}}