{"id":1326,"date":"2026-04-23T20:01:23","date_gmt":"2026-04-23T20:01:23","guid":{"rendered":"https:\/\/heavensgemstones.com\/?post_type=product&#038;p=1326"},"modified":"2026-04-23T20:11:02","modified_gmt":"2026-04-23T20:11:02","slug":"anillo-de-esmeralda-tratado-con-hthp-y-topacio-blanco-de-12-quilates-en-plata-de-ley-925-talla-8","status":"publish","type":"product","link":"https:\/\/heavensgemstones.com\/es\/producto\/anillo-de-esmeralda-tratado-con-hthp-y-topacio-blanco-de-12-quilates-en-plata-de-ley-925-talla-8\/","title":{"rendered":"Anillo de Esmeralda (Tratado con HTHP) y Topacio Blanco de 12 quilates en Plata de ley 925, talla 8"},"content":{"rendered":"<p>Anillo de Esmeralda y Topacio Blanco de 12 quilates en Plata de ley 925, talla 8<\/p>\n","protected":false},"excerpt":{"rendered":"<p>Anillo de Esmeralda y Topacio Blanco de 12 quilates en Plata de ley 925, talla 8<\/p>\n<p style=\"color: blue;\"><strong><em>La mayor\u00eda de los Anillos de Esmeralda se pueden pedir por tama\u00f1o, cont\u00e1ctenos.<\/em><\/strong><\/p>\n","protected":false},"featured_media":1844,"comment_status":"closed","ping_status":"closed","template":"","meta":[],"product_brand":[],"product_cat":[66,128,82],"product_tag":[71],"class_list":{"0":"post-1326","1":"product","2":"type-product","3":"status-publish","4":"has-post-thumbnail","6":"product_cat-gemas-redimidas","7":"product_cat-joyas-de-esmeralda","8":"product_cat-joyeria","9":"product_tag-gemas-redimidas","10":"has-post-title","11":"has-post-date","12":"has-post-category","13":"has-post-tag","14":"has-post-comment","15":"has-post-author","16":"","18":"first","19":"instock","20":"taxable","21":"shipping-taxable","22":"purchasable","23":"product-type-simple"},"builder_content":"","_links":{"self":[{"href":"https:\/\/heavensgemstones.com\/es\/wp-json\/wp\/v2\/product\/1326","targetHints":{"allow":["GET"]}}],"collection":[{"href":"https:\/\/heavensgemstones.com\/es\/wp-json\/wp\/v2\/product"}],"about":[{"href":"https:\/\/heavensgemstones.com\/es\/wp-json\/wp\/v2\/types\/product"}],"replies":[{"embeddable":true,"href":"https:\/\/heavensgemstones.com\/es\/wp-json\/wp\/v2\/comments?post=1326"}],"wp:featuredmedia":[{"embeddable":true,"href":"https:\/\/heavensgemstones.com\/es\/wp-json\/wp\/v2\/media\/1844"}],"wp:attachment":[{"href":"https:\/\/heavensgemstones.com\/es\/wp-json\/wp\/v2\/media?parent=1326"}],"wp:term":[{"taxonomy":"product_brand","embeddable":true,"href":"https:\/\/heavensgemstones.com\/es\/wp-json\/wp\/v2\/product_brand?post=1326"},{"taxonomy":"product_cat","embeddable":true,"href":"https:\/\/heavensgemstones.com\/es\/wp-json\/wp\/v2\/product_cat?post=1326"},{"taxonomy":"product_tag","embeddable":true,"href":"https:\/\/heavensgemstones.com\/es\/wp-json\/wp\/v2\/product_tag?post=1326"}],"curies":[{"name":"wp","href":"https:\/\/api.w.org\/{rel}","templated":true}]}}