{"id":1238,"date":"2026-04-23T20:00:33","date_gmt":"2026-04-23T20:00:33","guid":{"rendered":"https:\/\/heavensgemstones.com\/?post_type=product&#038;p=1238"},"modified":"2026-04-23T20:10:42","modified_gmt":"2026-04-23T20:10:42","slug":"pendiente-de-corazon-de-lapislazuli-de-3-cm-en-plata-de-ley-925-con-cadena","status":"publish","type":"product","link":"https:\/\/heavensgemstones.com\/es\/producto\/pendiente-de-corazon-de-lapislazuli-de-3-cm-en-plata-de-ley-925-con-cadena\/","title":{"rendered":"Pendiente de Coraz\u00f3n de Lapisl\u00e1zuli de 3 cm en Plata de ley 925 con Cadena"},"content":{"rendered":"<p>Pendiente de Coraz\u00f3n de Lapisl\u00e1zuli de 3 cm en Plata de ley 925 con Cadena<\/p>\n","protected":false},"excerpt":{"rendered":"<p>Pendiente de Coraz\u00f3n de Lapisl\u00e1zuli de 3 cm en Plata de ley 925 con Cadena<\/p>\n","protected":false},"featured_media":1814,"comment_status":"closed","ping_status":"closed","template":"","meta":[],"product_brand":[371],"product_cat":[66,158,234],"product_tag":[71,348],"class_list":{"0":"post-1238","1":"product","2":"type-product","3":"status-publish","4":"has-post-thumbnail","6":"product_brand-pendientes","7":"product_cat-gemas-redimidas","8":"product_cat-gemas-unicas","9":"product_cat-joyeria-de-coleccion","10":"product_tag-gemas-redimidas","11":"product_tag-lapislazuli","12":"has-post-title","13":"has-post-date","14":"has-post-category","15":"has-post-tag","16":"has-post-comment","17":"has-post-author","18":"","20":"first","21":"outofstock","22":"taxable","23":"shipping-taxable","24":"purchasable","25":"product-type-simple"},"builder_content":"","_links":{"self":[{"href":"https:\/\/heavensgemstones.com\/es\/wp-json\/wp\/v2\/product\/1238","targetHints":{"allow":["GET"]}}],"collection":[{"href":"https:\/\/heavensgemstones.com\/es\/wp-json\/wp\/v2\/product"}],"about":[{"href":"https:\/\/heavensgemstones.com\/es\/wp-json\/wp\/v2\/types\/product"}],"replies":[{"embeddable":true,"href":"https:\/\/heavensgemstones.com\/es\/wp-json\/wp\/v2\/comments?post=1238"}],"wp:featuredmedia":[{"embeddable":true,"href":"https:\/\/heavensgemstones.com\/es\/wp-json\/wp\/v2\/media\/1814"}],"wp:attachment":[{"href":"https:\/\/heavensgemstones.com\/es\/wp-json\/wp\/v2\/media?parent=1238"}],"wp:term":[{"taxonomy":"product_brand","embeddable":true,"href":"https:\/\/heavensgemstones.com\/es\/wp-json\/wp\/v2\/product_brand?post=1238"},{"taxonomy":"product_cat","embeddable":true,"href":"https:\/\/heavensgemstones.com\/es\/wp-json\/wp\/v2\/product_cat?post=1238"},{"taxonomy":"product_tag","embeddable":true,"href":"https:\/\/heavensgemstones.com\/es\/wp-json\/wp\/v2\/product_tag?post=1238"}],"curies":[{"name":"wp","href":"https:\/\/api.w.org\/{rel}","templated":true}]}}