{"id":1055,"date":"2026-04-23T19:58:54","date_gmt":"2026-04-23T19:58:54","guid":{"rendered":"https:\/\/heavensgemstones.com\/?post_type=product&#038;p=1055"},"modified":"2026-04-23T20:10:09","modified_gmt":"2026-04-23T20:10:09","slug":"piedras-preciosas-de-tanzanita-natural-de-5-quilates-con-detalles-de-circonia-creadas-en-laboratorio-en-plata-de-ley-925-tamano-7","status":"publish","type":"product","link":"https:\/\/heavensgemstones.com\/es\/producto\/piedras-preciosas-de-tanzanita-natural-de-5-quilates-con-detalles-de-circonia-creadas-en-laboratorio-en-plata-de-ley-925-tamano-7\/","title":{"rendered":"Piedras Preciosas de Tanzanita Natural de 5 quilates con detalles de Circ\u00f3nia creadas en laboratorio en Plata de ley 925, tama\u00f1o 7"},"content":{"rendered":"<p>Piedras Preciosas de Tanzanita Natural de 5 quilates con detalles de Circ\u00f3nia creadas en laboratorio en Plata de ley 925, tama\u00f1o 7<\/p>\n","protected":false},"excerpt":{"rendered":"<p>Piedras Preciosas de Tanzanita Natural de 5 quilates con detalles de Circ\u00f3nia creadas en laboratorio en Plata de ley 925, tama\u00f1o 7<\/p>\n","protected":false},"featured_media":1754,"comment_status":"closed","ping_status":"closed","template":"","meta":[],"product_brand":[372],"product_cat":[66,158,207,234,235],"product_tag":[356,71],"class_list":{"0":"post-1055","1":"product","2":"type-product","3":"status-publish","4":"has-post-thumbnail","6":"product_brand-anillos","7":"product_cat-gemas-redimidas","8":"product_cat-gemas-unicas","9":"product_cat-joyas-de-tanzanita","10":"product_cat-joyeria-de-coleccion","11":"product_cat-tanzanita","12":"product_tag-circones","13":"product_tag-gemas-redimidas","14":"has-post-title","15":"has-post-date","16":"has-post-category","17":"has-post-tag","18":"has-post-comment","19":"has-post-author","20":"","22":"first","23":"instock","24":"taxable","25":"shipping-taxable","26":"purchasable","27":"product-type-simple"},"builder_content":"","_links":{"self":[{"href":"https:\/\/heavensgemstones.com\/es\/wp-json\/wp\/v2\/product\/1055","targetHints":{"allow":["GET"]}}],"collection":[{"href":"https:\/\/heavensgemstones.com\/es\/wp-json\/wp\/v2\/product"}],"about":[{"href":"https:\/\/heavensgemstones.com\/es\/wp-json\/wp\/v2\/types\/product"}],"replies":[{"embeddable":true,"href":"https:\/\/heavensgemstones.com\/es\/wp-json\/wp\/v2\/comments?post=1055"}],"wp:featuredmedia":[{"embeddable":true,"href":"https:\/\/heavensgemstones.com\/es\/wp-json\/wp\/v2\/media\/1754"}],"wp:attachment":[{"href":"https:\/\/heavensgemstones.com\/es\/wp-json\/wp\/v2\/media?parent=1055"}],"wp:term":[{"taxonomy":"product_brand","embeddable":true,"href":"https:\/\/heavensgemstones.com\/es\/wp-json\/wp\/v2\/product_brand?post=1055"},{"taxonomy":"product_cat","embeddable":true,"href":"https:\/\/heavensgemstones.com\/es\/wp-json\/wp\/v2\/product_cat?post=1055"},{"taxonomy":"product_tag","embeddable":true,"href":"https:\/\/heavensgemstones.com\/es\/wp-json\/wp\/v2\/product_tag?post=1055"}],"curies":[{"name":"wp","href":"https:\/\/api.w.org\/{rel}","templated":true}]}}