{"id":1053,"date":"2026-04-23T19:58:37","date_gmt":"2026-04-23T19:58:37","guid":{"rendered":"https:\/\/heavensgemstones.com\/?post_type=product&#038;p=1053"},"modified":"2026-04-23T20:10:09","modified_gmt":"2026-04-23T20:10:09","slug":"anillo-de-boda-con-esmeralda-natural-y-diamante-de-30-quilates-acabado-en-oro-blanco-de-14-k-talla-8","status":"publish","type":"product","link":"https:\/\/heavensgemstones.com\/es\/producto\/anillo-de-boda-con-esmeralda-natural-y-diamante-de-30-quilates-acabado-en-oro-blanco-de-14-k-talla-8\/","title":{"rendered":"Anillo de Boda con Esmeralda Natural y Diamante de 3,0 quilates, acabado en Oro Blanco de 14 k, talla 8"},"content":{"rendered":"<p>Anillo de Boda con Esmeralda Natural y Diamante de 3,0 quilates, acabado en Oro Blanco de 14 k, talla 8<\/p>\n","protected":false},"excerpt":{"rendered":"<p>Anillo de Boda con Esmeralda Natural y Diamante de 3,0 quilates, acabado en Oro Blanco de 14 k, talla 8<\/p>\n<p style=\"color: blue;\"><strong><em>La mayor\u00eda de los Anillos de Esmeralda se pueden pedir por tama\u00f1o, cont\u00e1ctenos.<\/em><\/strong><\/p>\n","protected":false},"featured_media":1753,"comment_status":"closed","ping_status":"closed","template":"","meta":[],"product_brand":[372],"product_cat":[66,128,82],"product_tag":[71],"class_list":{"0":"post-1053","1":"product","2":"type-product","3":"status-publish","4":"has-post-thumbnail","6":"product_brand-anillos","7":"product_cat-gemas-redimidas","8":"product_cat-joyas-de-esmeralda","9":"product_cat-joyeria","10":"product_tag-gemas-redimidas","11":"has-post-title","12":"has-post-date","13":"has-post-category","14":"has-post-tag","15":"has-post-comment","16":"has-post-author","17":"","19":"first","20":"instock","21":"taxable","22":"shipping-taxable","23":"purchasable","24":"product-type-simple"},"builder_content":"","_links":{"self":[{"href":"https:\/\/heavensgemstones.com\/es\/wp-json\/wp\/v2\/product\/1053","targetHints":{"allow":["GET"]}}],"collection":[{"href":"https:\/\/heavensgemstones.com\/es\/wp-json\/wp\/v2\/product"}],"about":[{"href":"https:\/\/heavensgemstones.com\/es\/wp-json\/wp\/v2\/types\/product"}],"replies":[{"embeddable":true,"href":"https:\/\/heavensgemstones.com\/es\/wp-json\/wp\/v2\/comments?post=1053"}],"wp:featuredmedia":[{"embeddable":true,"href":"https:\/\/heavensgemstones.com\/es\/wp-json\/wp\/v2\/media\/1753"}],"wp:attachment":[{"href":"https:\/\/heavensgemstones.com\/es\/wp-json\/wp\/v2\/media?parent=1053"}],"wp:term":[{"taxonomy":"product_brand","embeddable":true,"href":"https:\/\/heavensgemstones.com\/es\/wp-json\/wp\/v2\/product_brand?post=1053"},{"taxonomy":"product_cat","embeddable":true,"href":"https:\/\/heavensgemstones.com\/es\/wp-json\/wp\/v2\/product_cat?post=1053"},{"taxonomy":"product_tag","embeddable":true,"href":"https:\/\/heavensgemstones.com\/es\/wp-json\/wp\/v2\/product_tag?post=1053"}],"curies":[{"name":"wp","href":"https:\/\/api.w.org\/{rel}","templated":true}]}}